{"id":464,"date":"2021-02-10T17:12:48","date_gmt":"2021-02-10T16:12:48","guid":{"rendered":"https:\/\/ctalker.org\/?page_id=464"},"modified":"2024-12-20T07:43:10","modified_gmt":"2024-12-20T06:43:10","slug":"kapcsolat","status":"publish","type":"page","link":"https:\/\/ctalker.org\/rs\/kapcsolat\/","title":{"rendered":"KONTAKT"},"content":{"rendered":"\t\t<div data-elementor-type=\"wp-page\" data-elementor-id=\"464\" class=\"elementor elementor-464\">\n\t\t\t\t\t\t<section class=\"elementor-section elementor-top-section elementor-element elementor-element-aecf781 elementor-section-boxed elementor-section-height-default elementor-section-height-default\" data-id=\"aecf781\" data-element_type=\"section\" data-e-type=\"section\">\n\t\t\t\t\t\t<div class=\"elementor-container elementor-column-gap-default\">\n\t\t\t\t\t<div class=\"elementor-column elementor-col-100 elementor-top-column elementor-element elementor-element-f202c56\" data-id=\"f202c56\" data-element_type=\"column\" data-e-type=\"column\">\n\t\t\t<div class=\"elementor-widget-wrap elementor-element-populated\">\n\t\t\t\t\t\t<div class=\"elementor-element elementor-element-370a760 elementor-widget elementor-widget-spacer\" data-id=\"370a760\" data-element_type=\"widget\" data-e-type=\"widget\" data-widget_type=\"spacer.default\">\n\t\t\t\t\t\t\t<div class=\"elementor-spacer\">\n\t\t\t<div class=\"elementor-spacer-inner\"><\/div>\n\t\t<\/div>\n\t\t\t\t\t\t<\/div>\n\t\t\t\t<div class=\"elementor-element elementor-element-7186ea6 elementor-widget elementor-widget-text-editor\" data-id=\"7186ea6\" data-element_type=\"widget\" data-e-type=\"widget\" data-widget_type=\"text-editor.default\">\n\t\t\t\t\t\t\t\t\t<p><a href=\"mailto:ctalkercsoport@gmail.com\">info@ctalker.org<\/a><\/p><p>Telefonsz\u00e1m: +381 65 2125 622<\/p><p>Levelez\u00e9si c\u00edm:<\/p><p>24000 Szabadka<\/p><p>Josipa Kra\u0161a 28a<\/p>\t\t\t\t\t\t\t\t<\/div>\n\t\t\t\t<div class=\"elementor-element elementor-element-15b0019 elementor-widget elementor-widget-content_form_contact\" data-id=\"15b0019\" data-element_type=\"widget\" data-e-type=\"widget\" data-widget_type=\"content_form_contact.default\">\n\t\t\t\t<div class=\"elementor-widget-container\">\n\t\t\t\t\t<form action=\"https:\/\/ctalker.org\/wp-admin\/admin-post.php\" method=\"post\" name=\"content-form-15b0019\" id=\"content-form-15b0019\" class=\"ti-cf-module content-form content-form-contact content_form_contact\"><input type=\"hidden\" id=\"_wpnonce_contact\" name=\"_wpnonce_contact\" value=\"8a94d37029\" \/><input type=\"hidden\" name=\"_wp_http_referer\" value=\"\/en\/kapcsolat\/\" \/><input type=\"hidden\" name=\"action\" value=\"content_form_submit\" \/><input type=\"hidden\" name=\"form-type\" value=\"contact\" \/><input type=\"hidden\" name=\"form-builder\" value=\"elementor\" \/><input type=\"hidden\" name=\"post-id\" value=\"464\" \/><input type=\"hidden\" name=\"form-id\" value=\"15b0019\" \/><fieldset class=&quot;content-form-field-text elementor-column elementor-col-100&quot;><label for=\"data[15b0019][name]\" >N\u00e9v<span class=\"required-mark\"> *<\/span><\/label><input type=\"text\" name=\"data[15b0019][name]\" id=\"data[15b0019][name]\" required=required  placeholder=\"N\u00e9v\"><\/fieldset><fieldset class=&quot;content-form-field-email elementor-column elementor-col-100&quot;><label for=\"data[15b0019][email]\" >Email<span class=\"required-mark\"> *<\/span><\/label><input type=\"text\" name=\"data[15b0019][email]\" id=\"data[15b0019][email]\" required=required  placeholder=\"Email\"><\/fieldset><fieldset class=&quot;content-form-field-textarea elementor-column elementor-col-100&quot;><label for=\"data[15b0019][message]\" >\u00dczenet<span class=\"required-mark\"> *<\/span><\/label><textarea name=\"data[15b0019][message]\" id=\"data[15b0019][message]\"  required=required placeholder=\"\u00dczenet\" cols=\"30\" rows=\"5\"><\/textarea><\/fieldset><fieldset class=\"submit-form contact\"><button type=\"submit\" name=\"submit\"  value=\"submit-contact-15b0019\" class=\"\">K\u00fcld\u00e9s<\/button><\/fieldset><\/form>\t\t\t\t<\/div>\n\t\t\t\t<\/div>\n\t\t\t\t\t<\/div>\n\t\t<\/div>\n\t\t\t\t\t<\/div>\n\t\t<\/section>\n\t\t\t\t<section class=\"elementor-section elementor-top-section elementor-element elementor-element-f7434e6 elementor-section-boxed elementor-section-height-default elementor-section-height-default\" data-id=\"f7434e6\" data-element_type=\"section\" data-e-type=\"section\">\n\t\t\t\t\t\t<div class=\"elementor-container elementor-column-gap-default\">\n\t\t\t\t\t<div class=\"elementor-column elementor-col-100 elementor-top-column elementor-element elementor-element-62c9790\" data-id=\"62c9790\" data-element_type=\"column\" data-e-type=\"column\">\n\t\t\t<div class=\"elementor-widget-wrap elementor-element-populated\">\n\t\t\t\t\t\t<div class=\"elementor-element elementor-element-2f55d8c elementor-widget elementor-widget-spacer\" data-id=\"2f55d8c\" data-element_type=\"widget\" data-e-type=\"widget\" data-widget_type=\"spacer.default\">\n\t\t\t\t\t\t\t<div class=\"elementor-spacer\">\n\t\t\t<div class=\"elementor-spacer-inner\"><\/div>\n\t\t<\/div>\n\t\t\t\t\t\t<\/div>\n\t\t\t\t\t<\/div>\n\t\t<\/div>\n\t\t\t\t\t<\/div>\n\t\t<\/section>\n\t\t\t\t<\/div>\n\t\t","protected":false},"excerpt":{"rendered":"<p>info@ctalker.org Telefonsz\u00e1m: +381 65 2125 622 Levelez\u00e9si c\u00edm: 24000 Szabadka Josipa Kra\u0161a 28a N\u00e9v * Email * \u00dczenet * K\u00fcld\u00e9s<\/p>\n","protected":false},"author":1,"featured_media":0,"parent":0,"menu_order":0,"comment_status":"closed","ping_status":"closed","template":"","meta":{"rop_custom_images_group":[],"rop_custom_messages_group":[],"rop_publish_now":"initial","rop_publish_now_accounts":[],"rop_publish_now_history":[],"rop_publish_now_status":"pending","_themeisle_gutenberg_block_has_review":false,"footnotes":""},"class_list":["post-464","page","type-page","status-publish","hentry"],"featured_image_src":null,"featured_image_src_square":null,"_links":{"self":[{"href":"https:\/\/ctalker.org\/rs\/wp-json\/wp\/v2\/pages\/464","targetHints":{"allow":["GET"]}}],"collection":[{"href":"https:\/\/ctalker.org\/rs\/wp-json\/wp\/v2\/pages"}],"about":[{"href":"https:\/\/ctalker.org\/rs\/wp-json\/wp\/v2\/types\/page"}],"author":[{"embeddable":true,"href":"https:\/\/ctalker.org\/rs\/wp-json\/wp\/v2\/users\/1"}],"replies":[{"embeddable":true,"href":"https:\/\/ctalker.org\/rs\/wp-json\/wp\/v2\/comments?post=464"}],"version-history":[{"count":123,"href":"https:\/\/ctalker.org\/rs\/wp-json\/wp\/v2\/pages\/464\/revisions"}],"predecessor-version":[{"id":4193,"href":"https:\/\/ctalker.org\/rs\/wp-json\/wp\/v2\/pages\/464\/revisions\/4193"}],"wp:attachment":[{"href":"https:\/\/ctalker.org\/rs\/wp-json\/wp\/v2\/media?parent=464"}],"curies":[{"name":"wp","href":"https:\/\/api.w.org\/{rel}","templated":true}]}}