{"id":3183,"date":"2024-01-30T17:12:45","date_gmt":"2024-01-30T16:12:45","guid":{"rendered":"https:\/\/ctalker.org\/?page_id=3183"},"modified":"2024-03-17T19:35:56","modified_gmt":"2024-03-17T18:35:56","slug":"muskatli-a-vajdasag-viragai","status":"publish","type":"page","link":"https:\/\/ctalker.org\/en\/muskatli-a-vajdasag-viragai\/","title":{"rendered":"Musk\u00e1tli &#8211; A Vajdas\u00e1g vir\u00e1gai"},"content":{"rendered":"\n<figure class=\"wp-block-image size-large is-resized\"><img data-opt-id=1868439363  fetchpriority=\"high\" decoding=\"async\" width=\"1024\" height=\"768\" src=\"https:\/\/mladjxeqsxgv.i.optimole.com\/cb:B3zE.b136\/w:1024\/h:768\/q:mauto\/f:best\/https:\/\/ctalker.org\/wp-content\/uploads\/2023\/12\/405007366_655930073365340_2135973155077531022_n.jpg\" alt=\"\" class=\"wp-image-3061\" style=\"width:959px;height:auto\" srcset=\"https:\/\/mladjxeqsxgv.i.optimole.com\/cb:B3zE.b136\/w:1024\/h:768\/q:mauto\/f:best\/https:\/\/ctalker.org\/wp-content\/uploads\/2023\/12\/405007366_655930073365340_2135973155077531022_n.jpg 1024w, https:\/\/mladjxeqsxgv.i.optimole.com\/cb:B3zE.b136\/w:300\/h:225\/q:mauto\/f:best\/https:\/\/ctalker.org\/wp-content\/uploads\/2023\/12\/405007366_655930073365340_2135973155077531022_n.jpg 300w, https:\/\/mladjxeqsxgv.i.optimole.com\/cb:B3zE.b136\/w:768\/h:576\/q:mauto\/f:best\/https:\/\/ctalker.org\/wp-content\/uploads\/2023\/12\/405007366_655930073365340_2135973155077531022_n.jpg 768w, https:\/\/mladjxeqsxgv.i.optimole.com\/cb:B3zE.b136\/w:1200\/h:900\/q:mauto\/f:best\/https:\/\/ctalker.org\/wp-content\/uploads\/2023\/12\/405007366_655930073365340_2135973155077531022_n.jpg 1200w, https:\/\/mladjxeqsxgv.i.optimole.com\/cb:B3zE.b136\/w:1200\/h:900\/q:mauto\/f:best\/dpr:2\/https:\/\/ctalker.org\/wp-content\/uploads\/2023\/12\/405007366_655930073365340_2135973155077531022_n.jpg 2x\" sizes=\"(max-width: 1000px) 100vw, 1000px\" \/><\/figure>\n\n\n\n<div style=\"height:50px\" aria-hidden=\"true\" class=\"wp-block-spacer\"><\/div>\n\n\n\n<p>C\u00edm \/ Title: <strong><em>Musk\u00e1tli, a Vajdas\u00e1g vir\u00e1gai \/ Musk\u00e1tli \/ Geranium, the flowers of Vojvodina<\/em><\/strong><\/p>\n\n\n\n<p>Hossz \/ Length: 76 perc \/ minutes<\/p>\n\n\n\n<p>K\u00e9sz\u00fclt \/ Made: 2016-2020<\/p>\n\n\n\n<p>M\u0171faj \/ Genre: zen\u00e9s dokumentumfilm\/ Music documentary<\/p>\n\n\n\n<p>Rendez\u0151 \/ Director: Sz\u00e1sz Csongor<\/p>\n\n\n\n<p>Operat\u0151r \/ Cinematographer: Bar\u00f3ti G\u00e1bor<\/p>\n\n\n\n<p>WITH ENGLISH AND SERBIAN SUBTITLES<\/p>\n\n\n\n<p>Filmel\u0151zetes \/ Trailer: <a href=\"https:\/\/www.youtube.com\/watch?v=HhbGthyK55w\">https:\/\/www.youtube.com\/watch?v=HhbGthyK55w<\/a><\/p>\n\n\n\n<p>SZINOPSZIS \/ SYNOPSIS<\/p>\n\n\n\n<p><strong><em>Musk\u00e1tli, a Vajdas\u00e1g vir\u00e1gai<\/em><\/strong><\/p>\n\n\n\n<p>A film t\u00e9m\u00e1j\u00e1nak k\u00f6z\u00e9ppontj\u00e1ban az 1986-ban kivir\u00e1gz\u00f3, majd az 1991-ben kit\u00f6rt h\u00e1bor\u00faig<br>t\u00f6retlen\u00fcl sikeres, vajdas\u00e1gi eredet\u0171 \u201eMusk\u00e1tli\u201d zene kultur\u00e1lis jelens\u00e9ge \u00e1ll. A zen\u00e9szek \u00e9s a<br>korszakot bel\u00fclr\u0151l ismer\u0151k felt\u00e1rj\u00e1k, hogyan alakult \u00e1t a magyar mulat\u00f3s n\u00e9pzene st\u00edlusa \u201eMusk\u00e1tli\u201d form\u00e1v\u00e1. Kider\u00fcl, hogy a kultur\u00e1lis ellen\u00e1ll\u00e1s dac\u00e1ra, mi\u00e9rt olyan n\u00e9pszer\u0171 az ir\u00e1nyzat napjainkban is. Arch\u00edv felv\u00e9telek szeml\u00e9ltetik a \u201980-as, \u201990-es \u00e9vek \u201eMusk\u00e1tli\u201d vide\u00f3it. A jelenben felvett jelenetek r\u00e9v\u00e9n pedig betekint\u00e9st nyer\u00fcnk a zen\u00e9szek \u00e9s k\u00f6z\u00f6ns\u00e9g\u00fck jelenlegi \u00e1llapotrajz\u00e1ba.<\/p>\n\n\n\n<p><strong><em>Musk\u00e1tli \/ Geranium, the flowers of Vojvodina<\/em><\/strong><\/p>\n\n\n\n<p>The movie&#8217;s topic is focused on the cultural phenomenon of \u201eMusk\u00e1tli\u201d music, which was<br>continuously blooming in Vojvodina from 1986 till the outbreak of the war in 1991 in Serbia.<br>Musicians and those who know the era well, unfold how Hungarian folkloric music style<br>turned into the \u201eMusk\u00e1tli\u201d format.<br>We find out, in spite of a cultural resistance, why the trend is still popular nowadays.<br>Archives show the videos of \u201980-s\u201990-s records. Recently recorded scenes give us<br>an inside look at the musicians and their audience\u2019s present state.<\/p>\n\n\n\n<p>A film hosszabb, rendez\u0151i v\u00e1ltozat\u00e1t 2020 decembere \u00f3ta vet\u00edtik Vajdas\u00e1gban \u00e9s Magyarorsz\u00e1gon. T\u00f6bb telev\u00edzi\u00f3 m\u0171sorra t\u0171zte. 2021-ben megkapta a belgr\u00e1di <em>Dok&#8217;N&#8217;Ritam<\/em> <em>Filmfesztiv\u00e1l<\/em> zs\u0171rij\u00e9nek szakmai f\u0151d\u00edj\u00e1t.<\/p>\n\n\n\n<p>The longer, director&#8217;s version of the film has been shown in Vojvodina and Hungary since December 2020. It was broadcast on several television stations. In 2021, it received the professional prize of the jury of the Dok&#8217;N&#8217;Ritam Film Festival in Belgrade.<\/p>\n\n\n\n<div style=\"height:50px\" aria-hidden=\"true\" class=\"wp-block-spacer\"><\/div>\n\n\n\n<figure class=\"wp-block-embed is-type-video is-provider-youtube wp-block-embed-youtube wp-embed-aspect-16-9 wp-has-aspect-ratio\"><div class=\"wp-block-embed__wrapper\">\n<div class=\"video-container\"><iframe title=\"Musk\u00e1tli, a Vajdas\u00e1g vir\u00e1gai\" width=\"500\" height=\"281\" src=\"https:\/\/www.youtube.com\/embed\/eNthrvH7avc?feature=oembed&#038;wmode=opaque\" frameborder=\"0\" allow=\"accelerometer; autoplay; clipboard-write; encrypted-media; gyroscope; picture-in-picture; web-share\" referrerpolicy=\"strict-origin-when-cross-origin\" allowfullscreen><\/iframe><\/div>\n<\/div><\/figure>\n","protected":false},"excerpt":{"rendered":"<p>C\u00edm \/ Title: Musk\u00e1tli, a Vajdas\u00e1g vir\u00e1gai \/ Musk\u00e1tli \/ Geranium, the flowers of Vojvodina Hossz \/ Length: 76 perc \/ minutes K\u00e9sz\u00fclt \/ Made: 2016-2020 M\u0171faj \/ Genre: zen\u00e9s dokumentumfilm\/ Music documentary Rendez\u0151&#46;&#46;&#46;<\/p>\n","protected":false},"author":1,"featured_media":3061,"parent":0,"menu_order":0,"comment_status":"closed","ping_status":"closed","template":"","meta":{"rop_custom_images_group":[],"rop_custom_messages_group":[],"rop_publish_now":"initial","rop_publish_now_accounts":[],"rop_publish_now_history":[],"rop_publish_now_status":"pending","_themeisle_gutenberg_block_has_review":false,"footnotes":""},"class_list":["post-3183","page","type-page","status-publish","has-post-thumbnail","hentry"],"featured_image_src":"https:\/\/mladjxeqsxgv.i.optimole.com\/cb:B3zE.b136\/w:auto\/h:auto\/q:mauto\/f:best\/https:\/\/ctalker.org\/wp-content\/uploads\/2023\/12\/405007366_655930073365340_2135973155077531022_n.jpg","featured_image_src_square":"https:\/\/mladjxeqsxgv.i.optimole.com\/cb:B3zE.b136\/w:auto\/h:auto\/q:mauto\/f:best\/https:\/\/ctalker.org\/wp-content\/uploads\/2023\/12\/405007366_655930073365340_2135973155077531022_n.jpg","_links":{"self":[{"href":"https:\/\/ctalker.org\/en\/wp-json\/wp\/v2\/pages\/3183","targetHints":{"allow":["GET"]}}],"collection":[{"href":"https:\/\/ctalker.org\/en\/wp-json\/wp\/v2\/pages"}],"about":[{"href":"https:\/\/ctalker.org\/en\/wp-json\/wp\/v2\/types\/page"}],"author":[{"embeddable":true,"href":"https:\/\/ctalker.org\/en\/wp-json\/wp\/v2\/users\/1"}],"replies":[{"embeddable":true,"href":"https:\/\/ctalker.org\/en\/wp-json\/wp\/v2\/comments?post=3183"}],"version-history":[{"count":10,"href":"https:\/\/ctalker.org\/en\/wp-json\/wp\/v2\/pages\/3183\/revisions"}],"predecessor-version":[{"id":3339,"href":"https:\/\/ctalker.org\/en\/wp-json\/wp\/v2\/pages\/3183\/revisions\/3339"}],"wp:featuredmedia":[{"embeddable":true,"href":"https:\/\/ctalker.org\/en\/wp-json\/wp\/v2\/media\/3061"}],"wp:attachment":[{"href":"https:\/\/ctalker.org\/en\/wp-json\/wp\/v2\/media?parent=3183"}],"curies":[{"name":"wp","href":"https:\/\/api.w.org\/{rel}","templated":true}]}}